{"id":846,"date":"2019-05-21T16:01:25","date_gmt":"2019-05-21T14:01:25","guid":{"rendered":"https:\/\/etagedeauville.com\/?page_id=846"},"modified":"2020-05-06T14:31:35","modified_gmt":"2020-05-06T12:31:35","slug":"recrutement","status":"publish","type":"page","link":"https:\/\/etagedeauville.com\/index.php\/recrutement\/","title":{"rendered":"Recrutement"},"content":{"rendered":"<p>[et_pb_section fb_built=&#8221;1&#8243; admin_label=&#8221;Header&#8221; _builder_version=&#8221;3.22.7&#8243; use_background_color_gradient=&#8221;on&#8221; background_color_gradient_start=&#8221;rgba(255,255,255,0.89)&#8221; background_color_gradient_end=&#8221;rgba(255,255,255,0)&#8221; background_color_gradient_type=&#8221;radial&#8221; background_color_gradient_direction_radial=&#8221;top left&#8221; background_color_gradient_start_position=&#8221;30%&#8221; background_color_gradient_end_position=&#8221;80%&#8221; background_color_gradient_overlays_image=&#8221;on&#8221; background_image=&#8221;https:\/\/etagedeauville.com\/wp-content\/uploads\/2019\/05\/etage-bistro-chic-Deauville-vue01.jpg&#8221; custom_padding=&#8221;7vw|0px|0|0px|false|false&#8221; animation_style=&#8221;fade&#8221;][et_pb_row _builder_version=&#8221;3.25&#8243; min_height=&#8221;216px&#8221; custom_margin=&#8221;72px|auto||auto||&#8221; custom_padding=&#8221;||106px|||&#8221; animation_style=&#8221;fade&#8221;][et_pb_column type=&#8221;4_4&#8243; _builder_version=&#8221;3.25&#8243; custom_padding=&#8221;|||&#8221; custom_padding__hover=&#8221;|||&#8221;][et_pb_button button_url=&#8221;https:\/\/etagedeauville.com\/index.php\/reservation\/&#8221; button_text=&#8221;R\u00e9servation&#8221; button_alignment=&#8221;center&#8221; _builder_version=&#8221;3.22.7&#8243; custom_button=&#8221;on&#8221; button_text_color=&#8221;#000000&#8243; button_border_width=&#8221;1px&#8221; button_border_color=&#8221;#000000&#8243; button_font=&#8221;||||||||&#8221; button_icon=&#8221;%%20%%&#8221; custom_margin=&#8221;-19px|||||&#8221; animation_style=&#8221;fade&#8221;][\/et_pb_button][\/et_pb_column][\/et_pb_row][\/et_pb_section][et_pb_section fb_built=&#8221;1&#8243; _builder_version=&#8221;3.22.7&#8243; custom_margin=&#8221;23px|||||&#8221; custom_padding=&#8221;||11px|||&#8221;][et_pb_row _builder_version=&#8221;3.25&#8243;][et_pb_column type=&#8221;4_4&#8243; _builder_version=&#8221;3.25&#8243; custom_padding=&#8221;|||&#8221; custom_padding__hover=&#8221;|||&#8221;][et_pb_text _builder_version=&#8221;3.27.4&#8243;]<\/p>\n<p style=\"text-align: center;\"><span style=\"font-size: large;\">RECRUTEMENT<\/span><\/p>\n<p style=\"text-align: center;\">\n<h2 style=\"text-align: center;\"><span style=\"font-size: xx-large;\">Vous \u00eates peut-\u00eatre la perle rare <\/span><\/h2>\n<h2 style=\"text-align: center;\"><span style=\"font-size: xx-large;\">que nous cherchons !<\/span><\/h2>\n<p>[\/et_pb_text][\/et_pb_column][\/et_pb_row][\/et_pb_section][et_pb_section fb_built=&#8221;1&#8243; _builder_version=&#8221;3.22.7&#8243; custom_padding=&#8221;16px|||||&#8221;][et_pb_row _builder_version=&#8221;3.25&#8243; column_structure=&#8221;1_2,1_2&#8243;][et_pb_column type=&#8221;1_2&#8243; _builder_version=&#8221;3.25&#8243; custom_padding=&#8221;|||&#8221; custom_padding__hover=&#8221;|||&#8221;][et_pb_accordion _builder_version=&#8221;3.22.7&#8243;][et_pb_accordion_item title=&#8221;Cuisinier (H\/F)&#8221; open=&#8221;on&#8221; _builder_version=&#8221;3.22.7&#8243;]<\/p>\n<p><b>Description du job :<br \/><\/b><\/p>\n<p>Nous recherchons un cuisinier (H\/F) qui sera charg\u00e9(e) de la pr\u00e9paration des plats du restaurant (service du midi et du soir).<\/p>\n<p><b>Missions :<br \/><\/b><\/p>\n<ul>\n<li>Participer \u00e0 l\u2019\u00e9laboration des menus.<\/li>\n<li>Pr\u00e9parer et r\u00e9aliser des plats (chaud et froid).<\/li>\n<li>Fournir de l\u2019entr\u00e9e au dessert.<\/li>\n<li>Assurer la pr\u00e9sentation pour le service.<\/li>\n<li>Respecter strictement les r\u00e8gles d\u2019hygi\u00e8ne et de s\u00e9curit\u00e9 alimentaire.<\/li>\n<li>Gestion des stocks.<\/li>\n<li>Contr\u00f4le r\u00e9ception des denr\u00e9es.<\/li>\n<\/ul>\n<p><b>Profil :<br \/><\/b><\/p>\n<ul>\n<li>M\u00e9thodique et organis\u00e9.<\/li>\n<li>Condition physique excellente.<\/li>\n<li>Soutien de la cadence du service et habilit\u00e9 \u00e0 travailler sous stress.<\/li>\n<li>Cr\u00e9ativit\u00e9 dans les r\u00e9alisations culinaires.<\/li>\n<li>Allier rapidit\u00e9 et ex\u00e9cution parfaite.<\/li>\n<li>Savoir se faire assister par un ou des commis.<\/li>\n<\/ul>\n<p>[\/et_pb_accordion_item][et_pb_accordion_item title=&#8221;Commis de Cuisine (H\/F)&#8221; _builder_version=&#8221;3.22.7&#8243; open=&#8221;off&#8221;]<\/p>\n<p><b>Description du job :<br \/><\/b><\/p>\n<p>Nous recrutons un(e) Commis de Cuisine pour rejoindre l\u2019\u00e9quipe dynamique de notre cuisine dirig\u00e9e par le Chef de Cuisine.<\/p>\n<p><b>Missions :<br \/><\/b><\/p>\n<ul>\n<li>Pr\u00e9parer les garnitures.<\/li>\n<li>Aider \u00e0 la mise en place.<\/li>\n<li>R\u00e9ceptionner et ranger les provisions.<\/li>\n<li>Laver les salades, \u00e9plucher et couper les l\u00e9gumes.<\/li>\n<li>Participer \u00e0 la cuisson d\u2019une viande, d\u2019un assaisonnement<\/li>\n<li>Aider \u00e0 la pr\u00e9paration de plats chauds et froids.<\/li>\n<li>Assurer et maintenir la propret\u00e9 de son poste, conform\u00e9ment aux proc\u00e9dures d\u2019hygi\u00e8ne et aux normes HACCP.<\/li>\n<\/ul>\n<p><b>Profil :<br \/><\/b><\/p>\n<ul>\n<li>Grande motivation et passion pour la cuisine.<\/li>\n<li>Sens de la discipline.<\/li>\n<li>Forte capacit\u00e9 de travail.<\/li>\n<li>Aptitudes pour le travail en \u00e9quipe.<\/li>\n<li>Bonne condition physique.<\/li>\n<li>R\u00e9sistance au stress.<\/li>\n<\/ul>\n<p>[\/et_pb_accordion_item][et_pb_accordion_item title=&#8221;Plongeur (H\/F)&#8221; _builder_version=&#8221;3.22.7&#8243; open=&#8221;off&#8221;]<\/p>\n<p><b>Description du job :<br \/><\/b><\/p>\n<p>Nous recherchons un plongeur rapide et efficace pour rejoindre notre \u00e9quipe de cuisine.<\/p>\n<p><b>Missions :<br \/><\/b><\/p>\n<ul>\n<li>Assurer le nettoyage vaisselle et couverts de service.<\/li>\n<li>Se charger de l\u2019entretien de l\u2019ensemble du mat\u00e9riel utilis\u00e9 en cuisine.<\/li>\n<li>Prendre en main l\u2019entretien des locaux de cuisine et ses annexes.<\/li>\n<li>Effectuer le d\u00e9barrassage des ordures et poubelles.<\/li>\n<li>Peut \u00eatre charg\u00e9 de petites t\u00e2ches de mises en place.<\/li>\n<li>Respect des normes d\u2019hygi\u00e8ne et de s\u00e9curit\u00e9.<\/li>\n<\/ul>\n<p><b>Profil :<br \/><\/b><\/p>\n<ul>\n<li>Connaissances de la propret\u00e9 et de l\u2019hygi\u00e8ne.<\/li>\n<li>Habilit\u00e9 \u00e0 travailler dans environnement au rythme stressant<\/li>\n<li>Forte capacit\u00e9 de travail et discipline.<\/li>\n<li>Bonne condition physique.<\/li>\n<li>Acceptation des basses besognes.<\/li>\n<li>Dynamique et r\u00e9actif.<\/li>\n<\/ul>\n<p>[\/et_pb_accordion_item][et_pb_accordion_item title=&#8221;Ma\u00eetre d\u2019H\u00f4tel (H\/F)&#8221; _builder_version=&#8221;3.22.7&#8243; open=&#8221;off&#8221;]<\/p>\n<p><b>Description du job :<br \/><\/b><\/p>\n<p>Homme ou femme de terrain, vous accueillerez les clients avec professionnalisme et chaleur. Votre sens de l\u2019\u00e9coute et votre connaissance approfondie de la carte vous permettra de guider les clients dans leur choix et de leur assurer bien-\u00eatre et satisfaction.<\/p>\n<p>Responsable de l\u2019organisation et de la coordination du service ainsi que de l\u2019entretien et de l\u2019utilisation des espaces et des mat\u00e9riels de travail, vous saurez contr\u00f4ler la pr\u00e9paration de l\u2019ensemble des tables et des mat\u00e9riels de service.<\/p>\n<p><b>Missions :<br \/><\/b><\/p>\n<ul>\n<li>Accueillir les clients \u00e0 leur arriv\u00e9e au restaurant.<\/li>\n<li>Les installer avec tact \u00e0 une table qui leur convienne.<\/li>\n<li>Les conseiller en d\u00e9tail sur le choix des plats et des vins.<\/li>\n<li>Prendre la commande en leur sugg\u00e9rant les sp\u00e9cialit\u00e9s.<\/li>\n<li>S\u2019assurer de table en table de la satisfaction de tous.<\/li>\n<li>Organiser le service pour en garantir l\u2019excellence.<\/li>\n<li>Assister le chef de rang aux t\u00e2ches d\u00e9licates.<\/li>\n<\/ul>\n<p><b>Profil :<br \/><\/b><\/p>\n<ul>\n<li>Personnalit\u00e9 affirm\u00e9e avec du tact.<\/li>\n<li>Meneur d\u2019hommes ayant l\u2019\u0153il \u00e0 tout.<\/li>\n<li>Coordinateur et chef d\u2019orchestre en salle.<\/li>\n<li>Polyvalent pour aider au service.<\/li>\n<li>Interm\u00e9diaire avec la direction.<\/li>\n<\/ul>\n<p>[\/et_pb_accordion_item][et_pb_accordion_item title=&#8221;Serveur en Salle (H\/F)&#8221; _builder_version=&#8221;3.22.7&#8243; open=&#8221;off&#8221;]<\/p>\n<p><b>Description du job :<br \/><\/b><\/p>\n<p>Nous recherchons un serveur(se) en salle sociable et amical pour compl\u00e9ter notre \u00e9quipe. Dynamisme et sens du contact sont des qualit\u00e9s essentielles pour mener \u00e0 bien vos missions.<\/p>\n<p><b>Missions :<br \/><\/b><\/p>\n<ul>\n<li>Accueillir les clients et les installer.<\/li>\n<li>Pr\u00e9senter le menu et prendre la commande.<\/li>\n<li>Aller chercher les plats en cuisine et les servir.<\/li>\n<li>Offrir les boissons puis d\u00e9barrasser.<\/li>\n<li>Pr\u00e9senter l\u2019addition et encaisser.<\/li>\n<\/ul>\n<p><b>Profil :<br \/><\/b><\/p>\n<ul>\n<li>Cr\u00e9er une relation avec les clients<\/li>\n<li>Habilit\u00e9 \u00e0 travailler dans environnement au rythme dynamique<\/li>\n<li>Travailler en \u00e9quipe.<\/li>\n<li>Contr\u00f4le des r\u00e8gles et techniques du service.<\/li>\n<li>Ma\u00eetrise parfaite de l\u2019art relationnel.<\/li>\n<li>La ma\u00eetrise de l\u2019anglais ou d\u2019une autre langue est un gros plus<\/li>\n<\/ul>\n<p>[\/et_pb_accordion_item][\/et_pb_accordion][\/et_pb_column][et_pb_column type=&#8221;1_2&#8243; _builder_version=&#8221;3.25&#8243; custom_padding=&#8221;|||&#8221; custom_padding__hover=&#8221;|||&#8221;][et_pb_accordion _builder_version=&#8221;3.22.7&#8243;][et_pb_accordion_item title=&#8221;Chef de Rang (H\/F)&#8221; open=&#8221;on&#8221; _builder_version=&#8221;3.22.7&#8243;]<\/p>\n<p><b>Description du job :<br \/> <\/b><\/p>\n<p>Au sein de l\u2019\u00e9quipe de salle, vous aurez la responsabilit\u00e9 de votre rang.<\/p>\n<p>Sous l\u2019autorit\u00e9 du ma\u00eetre d\u2019h\u00f4tel, vous assurerez la prise en charge du client (accueil, prise de commande, suivi du service, encaissement).<\/p>\n<p>Vous ferez la mise en place de la salle et des offices.<\/p>\n<p><b>Missions :<br \/> <\/b><\/p>\n<ul>\n<li>Assurer un service de qualit\u00e9<\/li>\n<li>Encadrer et former des commis.<\/li>\n<li>Veiller au bon d\u00e9roulement du service.<\/li>\n<li>Veiller sur l\u2019ensemble d\u2019un groupe de tables.<\/li>\n<li>Ma\u00eetriser le flambage et le d\u00e9coupage.<\/li>\n<li>Aider au service et au d\u00e9barrassage.<\/li>\n<li>V\u00e9rifier la satisfaction du client.<\/li>\n<\/ul>\n<p><b>Profil :<br \/> <\/b><\/p>\n<ul>\n<li>Sens inn\u00e9 de la relation client.<\/li>\n<li>Amabilit\u00e9 et discr\u00e9tion de bon aloi.<\/li>\n<li>Adaptabilit\u00e9 aux cadences infernales.<\/li>\n<li>Sang-froid et r\u00e9sistance au stress.<\/li>\n<li>Curiosit\u00e9 pour l\u2019art culinaire.<\/li>\n<li>M\u00e9moire sans faille.<\/li>\n<\/ul>\n<p>[\/et_pb_accordion_item][et_pb_accordion_item title=&#8221;Chef de Partie (H\/F)&#8221; _builder_version=&#8221;3.22.7&#8243; open=&#8221;off&#8221;]<\/p>\n<p><b>Description du job :<br \/><\/b><\/p>\n<p>Nous recherchons un chef de partie pour travailler sous la direction d\u2019un Chef de Cuisine.<\/p>\n<p><b>Missions :<br \/><\/b><\/p>\n<ul>\n<li>Avoir bien en mains sa sp\u00e9cialit\u00e9.<\/li>\n<li>Prendre en charge les r\u00e9alisations culinaires.<\/li>\n<li>Assurer les approvisionnements de sa partie.<\/li>\n<li>Am\u00e9liorer sans cesse ses pr\u00e9parations.<\/li>\n<li>Former des commis \u00e0 sa sp\u00e9cialit\u00e9.<\/li>\n<li>\u00c9laborer de nouvelles recettes.<\/li>\n<li>Garantir l\u2019application des r\u00e8gles d\u2019hygi\u00e8ne et de s\u00e9curit\u00e9.<\/li>\n<\/ul>\n<p><b>Profil :<br \/><\/b><\/p>\n<ul>\n<li>Ma\u00eetrise de l\u2019art culinaire.<\/li>\n<li>Passion pour la cuisine et le travail bien fait.<\/li>\n<li>A d\u00e9velopp\u00e9 un talent particulier dans sa partie.<\/li>\n<li>Sait manager une \u00e9quipe pour le seconder.<\/li>\n<li>Poss\u00e8de de fortes qualit\u00e9s p\u00e9dagogiques.<\/li>\n<li>Aime transmettre ses connaissances.<\/li>\n<li>Rigueur, autonomie, sens des responsabilit\u00e9s.<\/li>\n<\/ul>\n<p>[\/et_pb_accordion_item][et_pb_accordion_item title=&#8221;Barman (H\/F)&#8221; _builder_version=&#8221;3.22.7&#8243; open=&#8221;off&#8221;]<\/p>\n<p><b>Description du job :<br \/><\/b><\/p>\n<p>Nous recherchons un barman \/ une barmaid en ad\u00e9quation avec les valeurs de notre \u00e9tablissement. Vous \u00eates responsable du bon d\u00e9veloppement du point de vente, \u00eates force de proposition et cr\u00e9atif.<\/p>\n<p><b>Missions :<br \/><\/b><\/p>\n<ul>\n<li>Accueil des clients.<\/li>\n<li>Pr\u00e9paration et service de boissons.<\/li>\n<li>Gestion de l\u2019approvisionnement et du stock.<\/li>\n<li>D\u00e9border d\u2019imagination dans la cr\u00e9ation de cocktails.<\/li>\n<li>Tenir la caisse.<\/li>\n<li>G\u00e9rer le nettoyage des machines et autres.<\/li>\n<li>Veiller \u00e0 l\u2019entretien et \u00e0 la maintenance du mat\u00e9riel.<\/li>\n<\/ul>\n<p><b>Profil :<br \/><\/b><\/p>\n<ul>\n<li>Capacit\u00e9s relationnelles hors normes.<\/li>\n<li>Savoir mettre de l\u2019ambiance et cr\u00e9er une atmosph\u00e8re conviviale.<\/li>\n<li>\u00catre souriant, \u00e0 l\u2019\u00e9coute mais discret.<\/li>\n<li>Rapidit\u00e9 et habilit\u00e9 d\u2019ex\u00e9cution des boissons.<\/li>\n<li>M\u00e9morisation des recettes complexes de cocktails.<\/li>\n<li>Bonne condition physique et psychologique.<\/li>\n<li>Gestion des conflits d\u00e8s qu\u2019il s\u2019en pr\u00e9sente.<\/li>\n<li>Diplomatie et autorit\u00e9 personnelle.<\/li>\n<li>La pratique de langue \u00e9trang\u00e8re comme l\u2019anglais est un gros plus.<\/li>\n<\/ul>\n<p>[\/et_pb_accordion_item][et_pb_accordion_item title=&#8221;R\u00e9ceptionniste (H\/F)&#8221; _builder_version=&#8221;3.22.7&#8243; open=&#8221;off&#8221;]<\/p>\n<p><b>Description du job :<br \/><\/b><\/p>\n<p>Le r\u00e9ceptionniste s\u2019occupe de toutes les activit\u00e9s li\u00e9es \u00e0 la r\u00e9ception. Vous \u00eates garant da la qualit\u00e9 du s\u00e9jour des clients.<br \/>Expert du relationnel, vous \u00eates en charge d\u2019accueillir le client, de l\u2019informer et de lui pr\u00e9senter toutes nos prestations\/services.<\/p>\n<p><b>Missions :<br \/><\/b><\/p>\n<ul>\n<li>Accueillir, renseigner et personnaliser la relation client.<\/li>\n<li>Enregistrer les arriv\u00e9es et d\u00e9parts.<\/li>\n<li>G\u00e9rer le standard t\u00e9l\u00e9phonique.<\/li>\n<li>Prendre et saisir les r\u00e9servations.<\/li>\n<li>Garantir la qualit\u00e9 des prestations.<\/li>\n<li>Tenir le planning de r\u00e9servation des chambres.<\/li>\n<li>Encaisser les factures et assurer le suivi des op\u00e9rations.<\/li>\n<\/ul>\n<p><b>Profil :<br \/><\/b><\/p>\n<ul>\n<li>Excellente pr\u00e9sentation.<\/li>\n<li>A l\u2019\u00e9coute et r\u00e9actif.<\/li>\n<li>Organis\u00e9 et autonome.<\/li>\n<li>Sens de l\u2019accueil et du relationnel.<\/li>\n<li>Ma\u00eetrise de l\u2019outil informatique.<\/li>\n<li>Pratique courante de l\u2019anglais, des langues suppl\u00e9mentaires sont un plus.<\/li>\n<\/ul>\n<p>[\/et_pb_accordion_item][\/et_pb_accordion][\/et_pb_column][\/et_pb_row][\/et_pb_section][et_pb_section fb_built=&#8221;1&#8243; _builder_version=&#8221;3.22.7&#8243; custom_padding=&#8221;0px||74px|||&#8221;][et_pb_row _builder_version=&#8221;3.25&#8243;][et_pb_column type=&#8221;4_4&#8243; _builder_version=&#8221;3.25&#8243; custom_padding=&#8221;|||&#8221; custom_padding__hover=&#8221;|||&#8221;][et_pb_button button_url=&#8221;mailto:restaurant@etagedeauville.com&#8221; button_text=&#8221;ENVOYER MON CV&#8221; button_alignment=&#8221;center&#8221; _builder_version=&#8221;4.4.5&#8243; hover_enabled=&#8221;0&#8243; custom_button=&#8221;on&#8221; button_text_color=&#8221;#186172&#8243;][\/et_pb_button][\/et_pb_column][\/et_pb_row][\/et_pb_section][et_pb_section fb_built=&#8221;1&#8243; admin_label=&#8221;Contact Us&#8221; _builder_version=&#8221;3.22.7&#8243; background_color=&#8221;#70a59f&#8221; background_image=&#8221;https:\/\/etagedeauville.com\/wp-content\/uploads\/2019\/05\/losanges-transparents06.png&#8221; background_size=&#8221;contain&#8221; background_blend=&#8221;color&#8221; min_height=&#8221;596px&#8221; custom_margin=&#8221;-29px|||||&#8221; custom_padding=&#8221;118px|0px|100px|0px||&#8221; animation_style=&#8221;fade&#8221; global_module=&#8221;1008&#8243; saved_tabs=&#8221;all&#8221; locked=&#8221;off&#8221; collapsed=&#8221;off&#8221;][et_pb_row column_structure=&#8221;1_2,1_2&#8243; make_equal=&#8221;on&#8221; _builder_version=&#8221;3.25&#8243; background_size=&#8221;initial&#8221; background_position=&#8221;top_left&#8221; background_repeat=&#8221;repeat&#8221; max_width=&#8221;1280px&#8221; min_height=&#8221;576px&#8221; custom_margin=&#8221;|||&#8221; custom_padding=&#8221;||0px|||&#8221; animation_style=&#8221;fade&#8221; use_custom_width=&#8221;on&#8221; custom_width_px=&#8221;1280px&#8221;][et_pb_column type=&#8221;1_2&#8243; _builder_version=&#8221;3.25&#8243; background_color=&#8221;#196172&#8243; custom_padding=&#8221;100px|5%|100px|5%&#8221; custom_padding__hover=&#8221;|||&#8221;][et_pb_image src=&#8221;https:\/\/etagedeauville.com\/wp-content\/uploads\/2019\/05\/etage-bistro-chic-deauville-picto01.png&#8221; align=&#8221;center&#8221; align_tablet=&#8221;center&#8221; align_phone=&#8221;&#8221; align_last_edited=&#8221;on|desktop&#8221; _builder_version=&#8221;3.23&#8243; animation_style=&#8221;fade&#8221;][\/et_pb_image][et_pb_text _builder_version=&#8221;3.27.4&#8243; text_font=&#8221;Verdana||||||||&#8221; text_text_color=&#8221;#ffffff&#8221; text_font_size=&#8221;30px&#8221; text_line_height=&#8221;1.3em&#8221; header_font=&#8221;Verdana||||||||&#8221; header_3_font=&#8221;Playfair Display||||||||&#8221; header_3_font_size=&#8221;30px&#8221; header_3_line_height=&#8221;1.3em&#8221; background_size=&#8221;initial&#8221; background_position=&#8221;top_left&#8221; background_repeat=&#8221;repeat&#8221; text_orientation=&#8221;center&#8221; background_layout=&#8221;dark&#8221; max_width=&#8221;500px&#8221; module_alignment=&#8221;center&#8221; custom_margin=&#8221;|350px||||&#8221; custom_padding=&#8221;||0px|||&#8221; animation_style=&#8221;fade&#8221; inline_fonts=&#8221;Verdana&#8221;]<\/p>\n<p><span face=\"Verdana\" size=\"5\" style=\"font-family: Verdana; font-size: x-large;\">Horaires d&#8217;ouverture<\/span><\/p>\n<p>[\/et_pb_text][et_pb_text _builder_version=&#8221;3.27.4&#8243; text_font=&#8221;Montserrat||||&#8221; text_text_color=&#8221;#ffffff&#8221; text_font_size=&#8221;15px&#8221; text_letter_spacing=&#8221;1px&#8221; text_line_height=&#8221;1.9em&#8221; background_size=&#8221;initial&#8221; background_position=&#8221;top_left&#8221; background_repeat=&#8221;repeat&#8221; text_orientation=&#8221;center&#8221; module_alignment=&#8221;center&#8221; min_height=&#8221;215px&#8221; custom_margin=&#8221;12px||-80px|||&#8221; animation_style=&#8221;fade&#8221;]<\/p>\n<p><span style=\"font-size: 15px;\"><strong><span>7 jours \/ 7<\/span><br \/> <span>12h00 \u00e0 14h00 \/\u00a0 18h30 \u00e0 22h00 <br \/>Brunch le dimanche de 12h00 \u00e0 14h30<\/span><\/strong><\/span><\/p>\n<p><span style=\"font-size: 15px;\"><strong>L&#8217;Etage Bistro Chic<\/strong><br \/> 17, Boulevard Eug\u00e8ne Cornuch\u00e9<br \/> <\/span><span style=\"font-size: 15px;\">14800 Deauville &#8211; France<\/span><\/p>\n<h2><span style=\"font-size: 15px;\"><\/span><\/h2>\n<p><span style=\"font-size: 15px;\"><\/span><\/p>\n<p>[\/et_pb_text][\/et_pb_column][et_pb_column type=&#8221;1_2&#8243; _builder_version=&#8221;3.25&#8243; background_color=&#8221;#196172&#8243; custom_padding=&#8221;100px|5%|100px|5%&#8221; custom_padding__hover=&#8221;|||&#8221;][et_pb_text _builder_version=&#8221;3.29.3&#8243; text_font=&#8221;Verdana||||||||&#8221; text_text_color=&#8221;#ffffff&#8221; text_font_size=&#8221;30px&#8221; text_line_height=&#8221;1.3em&#8221; header_font=&#8221;Verdana||||||||&#8221; header_3_font=&#8221;Playfair Display||||||||&#8221; header_3_font_size=&#8221;30px&#8221; header_3_line_height=&#8221;1.3em&#8221; background_size=&#8221;initial&#8221; background_position=&#8221;top_left&#8221; background_repeat=&#8221;repeat&#8221; text_orientation=&#8221;center&#8221; background_layout=&#8221;dark&#8221; max_width=&#8221;500px&#8221; module_alignment=&#8221;center&#8221; custom_margin=&#8221;|350px|38px|||&#8221; custom_padding=&#8221;||0px|||&#8221; animation_style=&#8221;fade&#8221; inline_fonts=&#8221;Verdana&#8221;]<\/p>\n<p><span face=\"Verdana\" size=\"5\" style=\"font-family: Verdana; font-size: x-large;\">R\u00e9servez<\/span><\/p>\n<p>[\/et_pb_text][et_pb_button button_url=&#8221;https:\/\/etagedeauville.com\/index.php\/reservation\/&#8221; button_text=&#8221;En ligne&#8221; button_alignment=&#8221;center&#8221; _builder_version=&#8221;3.26.4&#8243; custom_button=&#8221;on&#8221; button_text_color=&#8221;#ffffff&#8221; button_border_width=&#8221;1px&#8221; button_border_color=&#8221;#ffffff&#8221; button_font=&#8221;||||||||&#8221; button_icon=&#8221;%%20%%&#8221; custom_margin=&#8221;-19px||42px|||&#8221; animation_style=&#8221;fade&#8221;][\/et_pb_button][et_pb_image src=&#8221;https:\/\/etagedeauville.com\/wp-content\/uploads\/2019\/05\/Picoto-tel.png&#8221; align=&#8221;center&#8221; align_tablet=&#8221;center&#8221; align_phone=&#8221;&#8221; align_last_edited=&#8221;on|desktop&#8221; _builder_version=&#8221;3.26.4&#8243; custom_margin=&#8221;||8px|||&#8221; animation_style=&#8221;fade&#8221;][\/et_pb_image][et_pb_text _builder_version=&#8221;3.27.4&#8243; text_font=&#8221;Verdana||||||||&#8221; text_text_color=&#8221;#ffffff&#8221; text_font_size=&#8221;30px&#8221; text_line_height=&#8221;1.3em&#8221; header_font=&#8221;Verdana||||||||&#8221; header_3_font=&#8221;Playfair Display||||||||&#8221; header_3_font_size=&#8221;30px&#8221; header_3_line_height=&#8221;1.3em&#8221; background_size=&#8221;initial&#8221; background_position=&#8221;top_left&#8221; background_repeat=&#8221;repeat&#8221; text_orientation=&#8221;center&#8221; background_layout=&#8221;dark&#8221; max_width=&#8221;500px&#8221; module_alignment=&#8221;center&#8221; min_height=&#8221;105px&#8221; custom_margin=&#8221;|350px||||&#8221; custom_padding=&#8221;||0px|||&#8221; animation_style=&#8221;fade&#8221; inline_fonts=&#8221;Verdana&#8221;]<\/p>\n<p><span style=\"font-family: Verdana; font-weight: normal; font-size: x-large;\">Au t\u00e9l\u00e9phone<br \/> 02 31 89 85 55<\/span><\/p>\n<p><span style=\"font-family: Verdana; font-weight: normal; font-size: x-large;\"><\/span><\/p>\n<p>[\/et_pb_text][\/et_pb_column][\/et_pb_row][\/et_pb_section][et_pb_section fb_built=&#8221;1&#8243; _builder_version=&#8221;3.22.7&#8243; custom_margin=&#8221;-36px|||||&#8221; custom_padding=&#8221;0px|||||&#8221; global_module=&#8221;310&#8243;][et_pb_row _builder_version=&#8221;3.25&#8243;][et_pb_column type=&#8221;4_4&#8243; _builder_version=&#8221;3.25&#8243; custom_padding=&#8221;|||&#8221; custom_padding__hover=&#8221;|||&#8221;][et_pb_text _builder_version=&#8221;3.27.4&#8243;]<\/p>\n<p style=\"text-align: center;\">\u00a9 L&#8217;\u00e9tage Deauville 2019 &#8211; <a href=\"https:\/\/etagedeauville.com\/index.php\/mentions\/\">Mentions l\u00e9gales &#8211; Cr\u00e9dits<\/a><\/p>\n<p>[\/et_pb_text][et_pb_text _builder_version=&#8221;3.27.4&#8243; text_font=&#8221;||||||||&#8221; header_font=&#8221;||||||||&#8221; header_font_size=&#8221;51px&#8221; header_letter_spacing=&#8221;5px&#8221; header_2_font=&#8221;Playfair Display||||&#8221; header_2_font_size=&#8221;48px&#8221; header_2_line_height=&#8221;1.3em&#8221; background_size=&#8221;initial&#8221; background_position=&#8221;top_left&#8221; background_repeat=&#8221;repeat&#8221; text_orientation=&#8221;center&#8221; custom_margin=&#8221;-17px||-2px|||&#8221; locked=&#8221;off&#8221; inline_fonts=&#8221;Verdana&#8221; header_font_size__hover=&#8221;30px&#8221; header_font_size__hover_enabled=&#8221;30px&#8221; header_letter_spacing__hover=&#8221;0px&#8221; header_letter_spacing__hover_enabled=&#8221;0px&#8221; header_text_shadow_style__hover=&#8221;none&#8221; header_text_shadow_style__hover_enabled=&#8221;none&#8221; header_text_shadow_color__hover=&#8221;rgba(0,0,0,0.4)&#8221; header_text_shadow_color__hover_enabled=&#8221;rgba(0,0,0,0.4)&#8221;]<\/p>\n<h2><span style=\"font-family: Verdana; font-size: xx-large;\">Suivez-nous !<\/span><\/h2>\n<p>[\/et_pb_text][et_pb_social_media_follow _builder_version=&#8221;3.22.7&#8243; text_orientation=&#8221;center&#8221;][et_pb_social_media_follow_network social_network=&#8221;facebook&#8221; url=&#8221;https:\/\/www.facebook.com\/letagedeauville\/&#8221; _builder_version=&#8221;3.22.7&#8243; background_color=&#8221;#3b5998&#8243; follow_button=&#8221;off&#8221; url_new_window=&#8221;on&#8221;]facebook[\/et_pb_social_media_follow_network][et_pb_social_media_follow_network social_network=&#8221;instagram&#8221; url=&#8221;https:\/\/www.instagram.com\/etage_deauville\/&#8221; _builder_version=&#8221;3.22.7&#8243; background_color=&#8221;#ea2c59&#8243; follow_button=&#8221;off&#8221; url_new_window=&#8221;on&#8221;]instagram[\/et_pb_social_media_follow_network][\/et_pb_social_media_follow][\/et_pb_column][\/et_pb_row][\/et_pb_section]<\/p>\n","protected":false},"excerpt":{"rendered":"<p>RECRUTEMENT Vous \u00eates peut-\u00eatre la perle rare que nous cherchons !Description du job : Nous recherchons un cuisinier (H\/F) qui sera charg\u00e9(e) de la pr\u00e9paration des plats du restaurant (service du midi et du soir). Missions : Participer \u00e0 l\u2019\u00e9laboration des menus. Pr\u00e9parer et r\u00e9aliser des plats (chaud et froid). Fournir de l\u2019entr\u00e9e au dessert. [&hellip;]<\/p>\n","protected":false},"author":1,"featured_media":0,"parent":0,"menu_order":0,"comment_status":"closed","ping_status":"closed","template":"","meta":{"_et_pb_use_builder":"on","_et_pb_old_content":"","_et_gb_content_width":""},"_links":{"self":[{"href":"https:\/\/etagedeauville.com\/index.php\/wp-json\/wp\/v2\/pages\/846"}],"collection":[{"href":"https:\/\/etagedeauville.com\/index.php\/wp-json\/wp\/v2\/pages"}],"about":[{"href":"https:\/\/etagedeauville.com\/index.php\/wp-json\/wp\/v2\/types\/page"}],"author":[{"embeddable":true,"href":"https:\/\/etagedeauville.com\/index.php\/wp-json\/wp\/v2\/users\/1"}],"replies":[{"embeddable":true,"href":"https:\/\/etagedeauville.com\/index.php\/wp-json\/wp\/v2\/comments?post=846"}],"version-history":[{"count":21,"href":"https:\/\/etagedeauville.com\/index.php\/wp-json\/wp\/v2\/pages\/846\/revisions"}],"predecessor-version":[{"id":1477,"href":"https:\/\/etagedeauville.com\/index.php\/wp-json\/wp\/v2\/pages\/846\/revisions\/1477"}],"wp:attachment":[{"href":"https:\/\/etagedeauville.com\/index.php\/wp-json\/wp\/v2\/media?parent=846"}],"curies":[{"name":"wp","href":"https:\/\/api.w.org\/{rel}","templated":true}]}}