{"id":1546,"date":"2020-05-07T12:26:29","date_gmt":"2020-05-07T10:26:29","guid":{"rendered":"https:\/\/etagedeauville.com\/?page_id=1546"},"modified":"2024-12-30T11:25:25","modified_gmt":"2024-12-30T10:25:25","slug":"carte-sushi-makers","status":"publish","type":"page","link":"https:\/\/etagedeauville.com\/index.php\/carte-sushi-makers\/","title":{"rendered":"Carte Sushi Makers"},"content":{"rendered":"<p>[et_pb_section fb_built=&#8221;1&#8243; _builder_version=&#8221;4.16&#8243; background_color=&#8221;#000000&#8243; background_enable_image=&#8221;off&#8221; global_colors_info=&#8221;{}&#8221;][et_pb_row _builder_version=&#8221;4.16&#8243; global_colors_info=&#8221;{}&#8221;][et_pb_column type=&#8221;4_4&#8243; _builder_version=&#8221;4.16&#8243; global_colors_info=&#8221;{}&#8221;][et_pb_image src=&#8221;https:\/\/etagedeauville.com\/wp-content\/uploads\/2024\/12\/PAGE1.jpg&#8221; title_text=&#8221;PAGE1&#8243; align=&#8221;center&#8221; _builder_version=&#8221;4.17.4&#8243; animation_style=&#8221;fade&#8221; hover_enabled=&#8221;0&#8243; global_colors_info=&#8221;{}&#8221; sticky_enabled=&#8221;0&#8243;][\/et_pb_image][et_pb_image src=&#8221;https:\/\/etagedeauville.com\/wp-content\/uploads\/2024\/12\/PAGE2.jpg&#8221; title_text=&#8221;PAGE2&#8243; align=&#8221;center&#8221; _builder_version=&#8221;4.17.4&#8243; animation_style=&#8221;fade&#8221; hover_enabled=&#8221;0&#8243; global_colors_info=&#8221;{}&#8221; sticky_enabled=&#8221;0&#8243;][\/et_pb_image][et_pb_image src=&#8221;https:\/\/etagedeauville.com\/wp-content\/uploads\/2024\/12\/PAGE3.jpg&#8221; title_text=&#8221;PAGE3&#8243; align=&#8221;center&#8221; _builder_version=&#8221;4.17.4&#8243; animation_style=&#8221;fade&#8221; hover_enabled=&#8221;0&#8243; global_colors_info=&#8221;{}&#8221; sticky_enabled=&#8221;0&#8243;][\/et_pb_image][et_pb_image src=&#8221;https:\/\/etagedeauville.com\/wp-content\/uploads\/2024\/12\/PAGE4.jpg&#8221; title_text=&#8221;PAGE4&#8243; align=&#8221;center&#8221; _builder_version=&#8221;4.17.4&#8243; animation_style=&#8221;fade&#8221; hover_enabled=&#8221;0&#8243; global_colors_info=&#8221;{}&#8221; sticky_enabled=&#8221;0&#8243;][\/et_pb_image][et_pb_image src=&#8221;https:\/\/etagedeauville.com\/wp-content\/uploads\/2024\/12\/PAGE5.jpg&#8221; _builder_version=&#8221;4.17.4&#8243; _module_preset=&#8221;default&#8221; title_text=&#8221;PAGE5&#8243; hover_enabled=&#8221;0&#8243; sticky_enabled=&#8221;0&#8243; align=&#8221;center&#8221;][\/et_pb_image][et_pb_image src=&#8221;https:\/\/etagedeauville.com\/wp-content\/uploads\/2024\/12\/PAGE6.jpg&#8221; _builder_version=&#8221;4.17.4&#8243; _module_preset=&#8221;default&#8221; title_text=&#8221;PAGE6&#8243; align=&#8221;center&#8221; hover_enabled=&#8221;0&#8243; sticky_enabled=&#8221;0&#8243;][\/et_pb_image][et_pb_image src=&#8221;https:\/\/etagedeauville.com\/wp-content\/uploads\/2024\/12\/PAGE7.jpg&#8221; _builder_version=&#8221;4.17.4&#8243; _module_preset=&#8221;default&#8221; title_text=&#8221;PAGE7&#8243; align=&#8221;center&#8221; hover_enabled=&#8221;0&#8243; sticky_enabled=&#8221;0&#8243;][\/et_pb_image][et_pb_image src=&#8221;https:\/\/etagedeauville.com\/wp-content\/uploads\/2024\/12\/PAGE8.jpg&#8221; _builder_version=&#8221;4.17.4&#8243; _module_preset=&#8221;default&#8221; title_text=&#8221;PAGE8&#8243; align=&#8221;center&#8221; hover_enabled=&#8221;0&#8243; sticky_enabled=&#8221;0&#8243;][\/et_pb_image][\/et_pb_column][\/et_pb_row][et_pb_row _builder_version=&#8221;4.17.4&#8243; _module_preset=&#8221;default&#8221;][et_pb_column _builder_version=&#8221;4.17.4&#8243; _module_preset=&#8221;default&#8221; type=&#8221;4_4&#8243;][\/et_pb_column][\/et_pb_row][\/et_pb_section][et_pb_section fb_built=&#8221;1&#8243; admin_label=&#8221;Contact Us&#8221; _builder_version=&#8221;3.22.7&#8243; background_color=&#8221;#70a59f&#8221; background_image=&#8221;https:\/\/etagedeauville.com\/wp-content\/uploads\/2019\/05\/losanges-transparents06.png&#8221; background_size=&#8221;contain&#8221; background_blend=&#8221;color&#8221; min_height=&#8221;596px&#8221; custom_margin=&#8221;-29px|||||&#8221; custom_padding=&#8221;118px|0px|100px|0px||&#8221; animation_style=&#8221;fade&#8221; global_module=&#8221;1008&#8243; saved_tabs=&#8221;all&#8221; locked=&#8221;off&#8221; collapsed=&#8221;off&#8221; global_colors_info=&#8221;{}&#8221;][et_pb_row column_structure=&#8221;1_3,1_3,1_3&#8243; make_equal=&#8221;on&#8221; _builder_version=&#8221;4.16&#8243; background_size=&#8221;initial&#8221; background_position=&#8221;top_left&#8221; background_repeat=&#8221;repeat&#8221; max_width=&#8221;1280px&#8221; min_height=&#8221;576px&#8221; custom_margin=&#8221;|||&#8221; custom_padding=&#8221;||0px|||&#8221; animation_style=&#8221;fade&#8221; use_custom_width=&#8221;on&#8221; custom_width_px=&#8221;1280px&#8221; global_colors_info=&#8221;{}&#8221;][et_pb_column type=&#8221;1_3&#8243; _builder_version=&#8221;4.16&#8243; background_color=&#8221;#196172&#8243; custom_padding=&#8221;100px|5%|100px|5%&#8221; global_colors_info=&#8221;{}&#8221; custom_padding__hover=&#8221;|||&#8221;][et_pb_image src=&#8221;https:\/\/etagedeauville.com\/wp-content\/uploads\/2019\/05\/etage-bistro-chic-deauville-picto01.png&#8221; align=&#8221;center&#8221; align_tablet=&#8221;center&#8221; align_phone=&#8221;&#8221; align_last_edited=&#8221;on|desktop&#8221; _builder_version=&#8221;4.16&#8243; animation_style=&#8221;fade&#8221; global_colors_info=&#8221;{}&#8221;][\/et_pb_image][et_pb_text _builder_version=&#8221;4.16&#8243; text_font=&#8221;Verdana||||||||&#8221; text_text_color=&#8221;#ffffff&#8221; text_font_size=&#8221;30px&#8221; text_line_height=&#8221;1.3em&#8221; header_font=&#8221;Verdana||||||||&#8221; header_3_font=&#8221;Playfair Display||||||||&#8221; header_3_font_size=&#8221;30px&#8221; header_3_line_height=&#8221;1.3em&#8221; background_size=&#8221;initial&#8221; background_position=&#8221;top_left&#8221; background_repeat=&#8221;repeat&#8221; text_orientation=&#8221;center&#8221; background_layout=&#8221;dark&#8221; max_width=&#8221;500px&#8221; module_alignment=&#8221;center&#8221; custom_margin=&#8221;|350px||||&#8221; custom_padding=&#8221;||0px|||&#8221; animation_style=&#8221;fade&#8221; inline_fonts=&#8221;Verdana&#8221; global_colors_info=&#8221;{}&#8221;]<\/p>\n<p><span face=\"Verdana\" size=\"5\" style=\"font-family: Verdana; font-size: x-large;\">Horaires d&#8217;ouverture<\/span><\/p>\n<p>[\/et_pb_text][et_pb_text _builder_version=&#8221;4.16&#8243; text_font=&#8221;Montserrat||||&#8221; text_text_color=&#8221;#ffffff&#8221; text_font_size=&#8221;15px&#8221; text_letter_spacing=&#8221;1px&#8221; text_line_height=&#8221;1.9em&#8221; background_size=&#8221;initial&#8221; background_position=&#8221;top_left&#8221; background_repeat=&#8221;repeat&#8221; text_orientation=&#8221;center&#8221; module_alignment=&#8221;center&#8221; min_height=&#8221;215px&#8221; custom_margin=&#8221;12px||-80px|||&#8221; animation_style=&#8221;fade&#8221; global_colors_info=&#8221;{}&#8221;]<\/p>\n<p><span style=\"font-size: 15px;\"><strong><span>7 jours \/ 7<\/span><br \/><span>12h00 \u00e0 14h00 \/\u00a0 19h00 \u00e0 22h00 <br \/><\/span><\/strong><\/span><span style=\"font-size: 15px;\"><strong>L&#8217;Etage Bistro Chic<\/strong><br \/>17, Boulevard Eug\u00e8ne Cornuch\u00e9<br \/><\/span><span style=\"font-size: 15px;\">14800 Deauville &#8211; France<\/span><\/p>\n<h2><span style=\"font-size: 15px;\"><\/span><\/h2>\n<p><span style=\"font-size: 15px;\"><\/span><\/p>\n<p>[\/et_pb_text][\/et_pb_column][et_pb_column type=&#8221;1_3&#8243; _builder_version=&#8221;4.16&#8243; _module_preset=&#8221;default&#8221; global_colors_info=&#8221;{}&#8221;][\/et_pb_column][et_pb_column type=&#8221;1_3&#8243; _builder_version=&#8221;4.16&#8243; background_color=&#8221;#196172&#8243; custom_padding=&#8221;100px|5%|100px|5%&#8221; global_colors_info=&#8221;{}&#8221; custom_padding__hover=&#8221;|||&#8221;][et_pb_text _builder_version=&#8221;4.16&#8243; text_font=&#8221;Verdana||||||||&#8221; text_text_color=&#8221;#ffffff&#8221; text_font_size=&#8221;30px&#8221; text_line_height=&#8221;1.3em&#8221; header_font=&#8221;Verdana||||||||&#8221; header_3_font=&#8221;Playfair Display||||||||&#8221; header_3_font_size=&#8221;30px&#8221; header_3_line_height=&#8221;1.3em&#8221; background_size=&#8221;initial&#8221; background_position=&#8221;top_left&#8221; background_repeat=&#8221;repeat&#8221; text_orientation=&#8221;center&#8221; background_layout=&#8221;dark&#8221; max_width=&#8221;500px&#8221; module_alignment=&#8221;center&#8221; custom_margin=&#8221;|350px|38px|||&#8221; custom_padding=&#8221;||0px|||&#8221; animation_style=&#8221;fade&#8221; inline_fonts=&#8221;Verdana&#8221; global_colors_info=&#8221;{}&#8221;]<\/p>\n<p><span face=\"Verdana\" size=\"5\" style=\"font-family: Verdana; font-size: x-large;\">R\u00e9servez<\/span><\/p>\n<p>[\/et_pb_text][et_pb_button button_url=&#8221;https:\/\/etagedeauville.com\/index.php\/reservation\/&#8221; button_text=&#8221;En ligne&#8221; button_alignment=&#8221;center&#8221; _builder_version=&#8221;4.16&#8243; custom_button=&#8221;on&#8221; button_text_color=&#8221;#ffffff&#8221; button_border_width=&#8221;1px&#8221; button_border_color=&#8221;#ffffff&#8221; button_font=&#8221;||||||||&#8221; button_icon=&#8221;&#x35;||divi||400&#8243; custom_margin=&#8221;-19px||42px|||&#8221; animation_style=&#8221;fade&#8221; global_colors_info=&#8221;{}&#8221;][\/et_pb_button][et_pb_image src=&#8221;https:\/\/etagedeauville.com\/wp-content\/uploads\/2019\/05\/Picoto-tel.png&#8221; align=&#8221;center&#8221; align_tablet=&#8221;center&#8221; align_phone=&#8221;&#8221; align_last_edited=&#8221;on|desktop&#8221; _builder_version=&#8221;4.16&#8243; custom_margin=&#8221;||8px|||&#8221; animation_style=&#8221;fade&#8221; global_colors_info=&#8221;{}&#8221;][\/et_pb_image][et_pb_text _builder_version=&#8221;4.16&#8243; text_font=&#8221;Verdana||||||||&#8221; text_text_color=&#8221;#ffffff&#8221; text_font_size=&#8221;30px&#8221; text_line_height=&#8221;1.3em&#8221; header_font=&#8221;Verdana||||||||&#8221; header_3_font=&#8221;Playfair Display||||||||&#8221; header_3_font_size=&#8221;30px&#8221; header_3_line_height=&#8221;1.3em&#8221; background_size=&#8221;initial&#8221; background_position=&#8221;top_left&#8221; background_repeat=&#8221;repeat&#8221; text_orientation=&#8221;center&#8221; background_layout=&#8221;dark&#8221; max_width=&#8221;500px&#8221; module_alignment=&#8221;center&#8221; min_height=&#8221;105px&#8221; custom_margin=&#8221;|350px||||&#8221; custom_padding=&#8221;||0px|||&#8221; animation_style=&#8221;fade&#8221; inline_fonts=&#8221;Verdana&#8221; global_colors_info=&#8221;{}&#8221;]<\/p>\n<p><span style=\"font-family: Verdana; font-weight: normal; font-size: x-large;\">Au t\u00e9l\u00e9phone<br \/> 02 31 89 85 55<\/span><\/p>\n<p><span style=\"font-family: Verdana; font-weight: normal; font-size: x-large;\"><\/span><\/p>\n<p>[\/et_pb_text][\/et_pb_column][\/et_pb_row][\/et_pb_section][et_pb_section fb_built=&#8221;1&#8243; _builder_version=&#8221;3.22.7&#8243; custom_margin=&#8221;-36px|||||&#8221; custom_padding=&#8221;0px|||||&#8221; global_module=&#8221;310&#8243; saved_tabs=&#8221;all&#8221; global_colors_info=&#8221;{}&#8221;][et_pb_row _builder_version=&#8221;4.16&#8243; global_colors_info=&#8221;{}&#8221;][et_pb_column type=&#8221;4_4&#8243; _builder_version=&#8221;4.16&#8243; custom_padding=&#8221;|||&#8221; global_colors_info=&#8221;{}&#8221; custom_padding__hover=&#8221;|||&#8221;][et_pb_text _builder_version=&#8221;4.17.4&#8243; global_colors_info=&#8221;{}&#8221;]<\/p>\n<p style=\"text-align: center;\"><span style=\"font-size: x-large;\"><strong>Nos amis les animaux ne sont pas accept\u00e9s dans le restaurant<\/strong><\/span><\/p>\n<p style=\"text-align: center;\"><span style=\"font-size: small;\"><strong>\u00a9 L&#8217;\u00e9tage Deauville 2024 &#8211; <a href=\"https:\/\/etagedeauville.com\/index.php\/mentions\/\">Mentions l\u00e9gales &#8211; Cr\u00e9dits<\/a><\/strong><\/span><\/p>\n<p>[\/et_pb_text][\/et_pb_column][\/et_pb_row][\/et_pb_section]<\/p>\n","protected":false},"excerpt":{"rendered":"<p>Horaires d&#8217;ouverture7 jours \/ 712h00 \u00e0 14h00 \/\u00a0 19h00 \u00e0 22h00 L&#8217;Etage Bistro Chic17, Boulevard Eug\u00e8ne Cornuch\u00e914800 Deauville &#8211; France R\u00e9servezAu t\u00e9l\u00e9phone 02 31 89 85 55 Nos amis les animaux ne sont pas accept\u00e9s dans le restaurant \u00a9 L&#8217;\u00e9tage Deauville 2024 &#8211; Mentions l\u00e9gales &#8211; Cr\u00e9dits<\/p>\n","protected":false},"author":1,"featured_media":0,"parent":0,"menu_order":0,"comment_status":"closed","ping_status":"closed","template":"","meta":{"_et_pb_use_builder":"on","_et_pb_old_content":"","_et_gb_content_width":""},"_links":{"self":[{"href":"https:\/\/etagedeauville.com\/index.php\/wp-json\/wp\/v2\/pages\/1546"}],"collection":[{"href":"https:\/\/etagedeauville.com\/index.php\/wp-json\/wp\/v2\/pages"}],"about":[{"href":"https:\/\/etagedeauville.com\/index.php\/wp-json\/wp\/v2\/types\/page"}],"author":[{"embeddable":true,"href":"https:\/\/etagedeauville.com\/index.php\/wp-json\/wp\/v2\/users\/1"}],"replies":[{"embeddable":true,"href":"https:\/\/etagedeauville.com\/index.php\/wp-json\/wp\/v2\/comments?post=1546"}],"version-history":[{"count":22,"href":"https:\/\/etagedeauville.com\/index.php\/wp-json\/wp\/v2\/pages\/1546\/revisions"}],"predecessor-version":[{"id":3140,"href":"https:\/\/etagedeauville.com\/index.php\/wp-json\/wp\/v2\/pages\/1546\/revisions\/3140"}],"wp:attachment":[{"href":"https:\/\/etagedeauville.com\/index.php\/wp-json\/wp\/v2\/media?parent=1546"}],"curies":[{"name":"wp","href":"https:\/\/api.w.org\/{rel}","templated":true}]}}